{"id":202,"date":"2019-05-19T21:25:27","date_gmt":"2019-05-19T19:25:27","guid":{"rendered":"https:\/\/hamburgsundbedandbreakfast.se\/boka-rum\/"},"modified":"2026-01-15T15:25:26","modified_gmt":"2026-01-15T14:25:26","slug":"boka-rum","status":"publish","type":"page","link":"https:\/\/hamburgsundbedandbreakfast.se\/en\/boka-rum\/","title":{"rendered":"Room booking"},"content":{"rendered":"<div id='full_slider_1'  class='avia-fullwidth-slider main_color avia-shadow av-small-hide av-mini-hide  avia-builder-el-0  el_before_av_slideshow_full  avia-builder-el-first   container_wrap sidebar_right'  ><div  class='avia-slideshow av-jvvbwtt8-3a121ebcb7043c02ee5acbeb78df7ff6 avia-slideshow-featured_large av_slideshow_full avia-fade-slider av-small-hide av-mini-hide av-slideshow-ui av-control-minimal av-slideshow-autoplay av-loop-endless av-loop-manual-endless av-default-height-applied   avia-slideshow-1' data-slideshow-options=\"{&quot;animation&quot;:&quot;fade&quot;,&quot;autoplay&quot;:true,&quot;loop_autoplay&quot;:&quot;endless&quot;,&quot;interval&quot;:5,&quot;loop_manual&quot;:&quot;manual-endless&quot;,&quot;autoplay_stopper&quot;:false,&quot;noNavigation&quot;:false,&quot;bg_slider&quot;:false,&quot;keep_padding&quot;:false,&quot;hoverpause&quot;:false,&quot;show_slide_delay&quot;:0}\"  itemprop=\"image\" itemscope=\"itemscope\" itemtype=\"https:\/\/schema.org\/ImageObject\" ><ul class='avia-slideshow-inner ' style='padding-bottom: 32.8%;'><li  class='avia-slideshow-slide av-jvvbwtt8-3a121ebcb7043c02ee5acbeb78df7ff6__0  av-single-slide slide-1 slide-odd'><div data-rel='slideshow-1' class='avia-slide-wrap '   ><div class='av-slideshow-caption av-jvvbwtt8-3a121ebcb7043c02ee5acbeb78df7ff6__0 caption_fullwidth caption_center caption_center_framed caption_framed'><div class=\"container caption_container\"><div class=\"slideshow_caption\"><div class=\"slideshow_inner_caption\"><div class=\"slideshow_align_caption\"><h2 class='avia-caption-title '  itemprop=\"name\" >ROOKING ROOM IN HAMBURGSUND<\/h2><br\/><a href='http:\/\/online.techotel.dk\/PicassoOnline45\/domino.aspx?hotelid=235851&amp;lang=en' target=\"_blank\" rel=\"noopener noreferrer\" class='avia-slideshow-button avia-button avia-color-red ' data-duration='800' data-easing='easeInOutQuad'>BOOKING ONLINE - CLICK HERE<\/a><\/div><\/div><\/div><\/div><\/div><img class=\"wp-image-263 avia-img-lazy-loading-not-263\"  src='https:\/\/hamburgsundbedandbreakfast.se\/wp-content\/uploads\/2019\/08\/HamburgsundsBedAndBreakfast12-1920x630.jpg' width='1500' height='492' title='HamburgsundsBedAndBreakfast12' alt=''  itemprop=\"thumbnailUrl\"   \/><\/div><\/li><\/ul><\/div><\/div>\n<div id='full_slider_2'  class='avia-fullwidth-slider main_color avia-shadow av-desktop-hide av-medium-hide  avia-builder-el-1  el_after_av_slideshow_full  el_before_av_one_full   slider-not-first container_wrap sidebar_right'  ><div  class='avia-slideshow av-jvvbwtt8-1-26e3ebfdde369bc9029e0cb7f3a35d29 avia-slideshow-no scaling av_slideshow_full avia-fade-slider av-desktop-hide av-medium-hide av-slideshow-ui av-control-minimal av-slideshow-autoplay av-loop-endless av-loop-manual-endless av-default-height-applied   avia-slideshow-2' data-slideshow-options=\"{&quot;animation&quot;:&quot;fade&quot;,&quot;autoplay&quot;:true,&quot;loop_autoplay&quot;:&quot;endless&quot;,&quot;interval&quot;:5,&quot;loop_manual&quot;:&quot;manual-endless&quot;,&quot;autoplay_stopper&quot;:false,&quot;noNavigation&quot;:false,&quot;bg_slider&quot;:false,&quot;keep_padding&quot;:false,&quot;hoverpause&quot;:false,&quot;show_slide_delay&quot;:0}\"  itemprop=\"image\" itemscope=\"itemscope\" itemtype=\"https:\/\/schema.org\/ImageObject\" ><ul class='avia-slideshow-inner ' style='padding-bottom: 133.33333333333%;'><li  class='avia-slideshow-slide av-jvvbwtt8-1-26e3ebfdde369bc9029e0cb7f3a35d29__0  av-single-slide slide-1 slide-odd'><div data-rel='slideshow-2' class='avia-slide-wrap '   ><div class='av-slideshow-caption av-jvvbwtt8-1-26e3ebfdde369bc9029e0cb7f3a35d29__0 caption_fullwidth caption_center caption_center_framed caption_framed'><div class=\"container caption_container\"><div class=\"slideshow_caption\"><div class=\"slideshow_inner_caption\"><div class=\"slideshow_align_caption\"><h2 class='avia-caption-title '  itemprop=\"name\" >ROOKING ROOM IN HAMBURGSUND<\/h2><br\/><a href='http:\/\/online.techotel.dk\/PicassoOnline45\/domino.aspx?hotelid=235851&amp;lang=en' target=\"_blank\" rel=\"noopener noreferrer\" class='avia-slideshow-button avia-button avia-color-red ' data-duration='800' data-easing='easeInOutQuad'>BOOKING ONLINE - CLICK HERE<\/a><\/div><\/div><\/div><\/div><\/div><img class=\"wp-image-263 avia-img-lazy-loading-not-263\"  src='https:\/\/hamburgsundbedandbreakfast.se\/wp-content\/uploads\/2019\/08\/HamburgsundsBedAndBreakfast12.jpg' width='1920' height='2560' title='HamburgsundsBedAndBreakfast12' alt=''  itemprop=\"thumbnailUrl\"   \/><\/div><\/li><\/ul><\/div><\/div><div id='after_full_slider_2'  class='main_color av_default_container_wrap container_wrap sidebar_right'  ><div class='container av-section-cont-open' ><div class='template-page content  av-content-small alpha units'><div class='post-entry post-entry-type-page post-entry-202'><div class='entry-content-wrapper clearfix'>\n\n<style type=\"text\/css\" data-created_by=\"avia_inline_auto\" id=\"style-css-av-q1th-366d406146bc17eeb3e6d91b39289566\">\n.flex_column.av-q1th-366d406146bc17eeb3e6d91b39289566{\n-webkit-border-radius:0px 0px 0px 0px;\n-moz-border-radius:0px 0px 0px 0px;\nborder-radius:0px 0px 0px 0px;\npadding:0px 0px 0px 0px;\n}\n<\/style>\n<div class='flex_column av-q1th-366d406146bc17eeb3e6d91b39289566 av_one_full  avia-builder-el-2  el_after_av_slideshow_full  el_before_av_masonry_gallery  avia-builder-el-no-sibling  first flex_column_div av-zero-column-padding '     ><section  class='av_textblock_section av-jvvby4vy-64e2339a627e10a7bd585563cffb4ea7'  itemscope=\"itemscope\" itemtype=\"https:\/\/schema.org\/CreativeWork\" ><div class='avia_textblock'  itemprop=\"text\" ><h1>Booking room in Hamburgsund<\/h1>\n<p>Please contact us when booking. Phonenr 0046 525 601050<\/p>\n<p><a href=\"https:\/\/picassoonline.techotel.dk\/en\/hamburgsund\/hamburgund-bed-and-breakfast\/booking\/rooms\/\" target=\"_blank\" rel=\"noopener\">Booking online &#8211; Click here<\/a><\/p>\n<\/div><\/section><\/div><div id='av-masonry-1' class='av-masonry av-jziqgu61-f33a585db1264c1acfa2182bdc0937e5 noHover av-fixed-size av-large-gap av-hover-overlay- av-masonry-animation-active av-masonry-col-flexible av-caption-always av-caption-style- av-masonry-gallery av-orientation-portrait '><div class=\"av-masonry-container isotope av-js-disabled\"><div class='av-masonry-entry isotope-item av-masonry-item-no-image '><\/div><a href=\"https:\/\/hamburgsundbedandbreakfast.se\/wp-content\/uploads\/2019\/08\/HamburgsundsBedAndBreakfast16-773x1030.jpg\"  aria-label=\"image HamburgsundsBedAndBreakfast16\"  id='av-masonry-1-item-274' data-av-masonry-item='274' class='av-masonry-entry isotope-item post-274 attachment type-attachment status-inherit hentry  av-masonry-item-with-image' title=\"HamburgsundsBedAndBreakfast16\" alt=\"\"    itemprop=\"thumbnailUrl\" ><div class='av-inner-masonry-sizer'><\/div><figure class='av-inner-masonry main_color'><div class=\"av-masonry-outerimage-container\"><div class='av-masonry-image-container' style=\"background-image: url(https:\/\/hamburgsundbedandbreakfast.se\/wp-content\/uploads\/2019\/08\/HamburgsundsBedAndBreakfast16-529x705.jpg);\"  title=\"HamburgsundsBedAndBreakfast16\"  ><\/div><\/div><\/figure><\/a><!--end av-masonry entry--><a href=\"https:\/\/hamburgsundbedandbreakfast.se\/wp-content\/uploads\/2019\/08\/HamburgsundsBedAndBreakfast07-773x1030.jpg\"  aria-label=\"image HamburgsundsBedAndBreakfast07\"  id='av-masonry-1-item-266' data-av-masonry-item='266' class='av-masonry-entry isotope-item post-266 attachment type-attachment status-inherit hentry  av-masonry-item-with-image' title=\"HamburgsundsBedAndBreakfast07\" alt=\"\"    itemprop=\"thumbnailUrl\" ><div class='av-inner-masonry-sizer'><\/div><figure class='av-inner-masonry main_color'><div class=\"av-masonry-outerimage-container\"><div class='av-masonry-image-container' style=\"background-image: url(https:\/\/hamburgsundbedandbreakfast.se\/wp-content\/uploads\/2019\/08\/HamburgsundsBedAndBreakfast07-529x705.jpg);\"  title=\"HamburgsundsBedAndBreakfast07\"  ><\/div><\/div><\/figure><\/a><!--end av-masonry entry--><a href=\"https:\/\/hamburgsundbedandbreakfast.se\/wp-content\/uploads\/2019\/08\/HamburgsundsBedAndBreakfast12-1-773x1030.jpg\"  aria-label=\"image HamburgsundsBedAndBreakfast12\"  id='av-masonry-1-item-267' data-av-masonry-item='267' class='av-masonry-entry isotope-item post-267 attachment type-attachment status-inherit hentry  av-masonry-item-with-image' title=\"HamburgsundsBedAndBreakfast12\" alt=\"\"    itemprop=\"thumbnailUrl\" ><div class='av-inner-masonry-sizer'><\/div><figure class='av-inner-masonry main_color'><div class=\"av-masonry-outerimage-container\"><div class='av-masonry-image-container' style=\"background-image: url(https:\/\/hamburgsundbedandbreakfast.se\/wp-content\/uploads\/2019\/08\/HamburgsundsBedAndBreakfast12-1-529x705.jpg);\"  title=\"HamburgsundsBedAndBreakfast12\"  ><\/div><\/div><\/figure><\/a><!--end av-masonry entry--><a href=\"https:\/\/hamburgsundbedandbreakfast.se\/wp-content\/uploads\/2019\/08\/HamburgsundsBedAndBreakfast05-773x1030.jpg\"  aria-label=\"image HamburgsundsBedAndBreakfast05\"  id='av-masonry-1-item-273' data-av-masonry-item='273' class='av-masonry-entry isotope-item post-273 attachment type-attachment status-inherit hentry  av-masonry-item-with-image' title=\"HamburgsundsBedAndBreakfast05\" alt=\"\"    itemprop=\"thumbnailUrl\" ><div class='av-inner-masonry-sizer'><\/div><figure class='av-inner-masonry main_color'><div class=\"av-masonry-outerimage-container\"><div class='av-masonry-image-container' style=\"background-image: url(https:\/\/hamburgsundbedandbreakfast.se\/wp-content\/uploads\/2019\/08\/HamburgsundsBedAndBreakfast05-529x705.jpg);\"  title=\"HamburgsundsBedAndBreakfast05\"  ><\/div><\/div><\/figure><\/a><!--end av-masonry entry--><a href=\"https:\/\/hamburgsundbedandbreakfast.se\/wp-content\/uploads\/2019\/08\/HamburgsundsBedAndBreakfast04-773x1030.jpg\"  aria-label=\"image HamburgsundsBedAndBreakfast04\"  id='av-masonry-1-item-272' data-av-masonry-item='272' class='av-masonry-entry isotope-item post-272 attachment type-attachment status-inherit hentry  av-masonry-item-with-image' title=\"HamburgsundsBedAndBreakfast04\" alt=\"\"    itemprop=\"thumbnailUrl\" ><div class='av-inner-masonry-sizer'><\/div><figure class='av-inner-masonry main_color'><div class=\"av-masonry-outerimage-container\"><div class='av-masonry-image-container' style=\"background-image: url(https:\/\/hamburgsundbedandbreakfast.se\/wp-content\/uploads\/2019\/08\/HamburgsundsBedAndBreakfast04-529x705.jpg);\"  title=\"HamburgsundsBedAndBreakfast04\"  ><\/div><\/div><\/figure><\/a><!--end av-masonry entry--><a href=\"https:\/\/hamburgsundbedandbreakfast.se\/wp-content\/uploads\/2019\/08\/HamburgsundsBedAndBreakfast21-773x1030.jpg\"  aria-label=\"image HamburgsundsBedAndBreakfast21\"  id='av-masonry-1-item-268' data-av-masonry-item='268' class='av-masonry-entry isotope-item post-268 attachment type-attachment status-inherit hentry  av-masonry-item-with-image' title=\"HamburgsundsBedAndBreakfast21\" alt=\"\"    itemprop=\"thumbnailUrl\" ><div class='av-inner-masonry-sizer'><\/div><figure class='av-inner-masonry main_color'><div class=\"av-masonry-outerimage-container\"><div class='av-masonry-image-container' style=\"background-image: url(https:\/\/hamburgsundbedandbreakfast.se\/wp-content\/uploads\/2019\/08\/HamburgsundsBedAndBreakfast21-529x705.jpg);\"  title=\"HamburgsundsBedAndBreakfast21\"  ><\/div><\/div><\/figure><\/a><!--end av-masonry entry--><a href=\"https:\/\/hamburgsundbedandbreakfast.se\/wp-content\/uploads\/2019\/08\/HamburgsundsBedAndBreakfast20-773x1030.jpg\"  aria-label=\"image HamburgsundsBedAndBreakfast20\"  id='av-masonry-1-item-270' data-av-masonry-item='270' class='av-masonry-entry isotope-item post-270 attachment type-attachment status-inherit hentry  av-masonry-item-with-image' title=\"HamburgsundsBedAndBreakfast20\" alt=\"\"    itemprop=\"thumbnailUrl\" ><div class='av-inner-masonry-sizer'><\/div><figure class='av-inner-masonry main_color'><div class=\"av-masonry-outerimage-container\"><div class='av-masonry-image-container' style=\"background-image: url(https:\/\/hamburgsundbedandbreakfast.se\/wp-content\/uploads\/2019\/08\/HamburgsundsBedAndBreakfast20-529x705.jpg);\"  title=\"HamburgsundsBedAndBreakfast20\"  ><\/div><\/div><\/figure><\/a><!--end av-masonry entry--><a href=\"https:\/\/hamburgsundbedandbreakfast.se\/wp-content\/uploads\/2019\/08\/HamburgsundsBedAndBreakfast23-773x1030.jpg\"  aria-label=\"image HamburgsundsBedAndBreakfast23\"  id='av-masonry-1-item-271' data-av-masonry-item='271' class='av-masonry-entry isotope-item post-271 attachment type-attachment status-inherit hentry  av-masonry-item-with-image' title=\"HamburgsundsBedAndBreakfast23\" alt=\"\"    itemprop=\"thumbnailUrl\" ><div class='av-inner-masonry-sizer'><\/div><figure class='av-inner-masonry main_color'><div class=\"av-masonry-outerimage-container\"><div class='av-masonry-image-container' style=\"background-image: url(https:\/\/hamburgsundbedandbreakfast.se\/wp-content\/uploads\/2019\/08\/HamburgsundsBedAndBreakfast23-529x705.jpg);\"  title=\"HamburgsundsBedAndBreakfast23\"  ><\/div><\/div><\/figure><\/a><!--end av-masonry entry--><\/div><\/div><\/p>\n","protected":false},"excerpt":{"rendered":"","protected":false},"author":1,"featured_media":0,"parent":0,"menu_order":0,"comment_status":"closed","ping_status":"closed","template":"","meta":{"footnotes":""},"yoast_head":"<!-- This site is optimized with the Yoast SEO plugin v21.1 - https:\/\/yoast.com\/wordpress\/plugins\/seo\/ -->\n<title>Room booking - Hamburgsund Bed and Breakfast<\/title>\n<meta name=\"description\" content=\"Boka hotell boende mitt i Hamburgsund p\u00e5 v\u00e5ran hemsida hamburgsundbedandbreakfast.se V\u00e4lkommen till Hamburgsunds bed and breakfast.\" \/>\n<meta name=\"robots\" content=\"index, follow, max-snippet:-1, max-image-preview:large, max-video-preview:-1\" \/>\n<link rel=\"canonical\" href=\"https:\/\/hamburgsundbedandbreakfast.se\/en\/boka-rum\/\" \/>\n<meta property=\"og:locale\" content=\"en_US\" \/>\n<meta property=\"og:type\" content=\"article\" \/>\n<meta property=\"og:title\" content=\"Room booking - Hamburgsund Bed and Breakfast\" \/>\n<meta property=\"og:description\" content=\"Boka hotell boende mitt i Hamburgsund p\u00e5 v\u00e5ran hemsida hamburgsundbedandbreakfast.se V\u00e4lkommen till Hamburgsunds bed and breakfast.\" \/>\n<meta property=\"og:url\" content=\"https:\/\/hamburgsundbedandbreakfast.se\/en\/boka-rum\/\" \/>\n<meta property=\"og:site_name\" content=\"Hamburgsund Bed and Breakfast\" \/>\n<meta property=\"article:modified_time\" content=\"2026-01-15T14:25:26+00:00\" \/>\n<meta name=\"twitter:card\" content=\"summary_large_image\" \/>\n<meta name=\"twitter:label1\" content=\"Est. reading time\" \/>\n\t<meta name=\"twitter:data1\" content=\"2 minutes\" \/>\n<script type=\"application\/ld+json\" class=\"yoast-schema-graph\">{\"@context\":\"https:\/\/schema.org\",\"@graph\":[{\"@type\":\"WebPage\",\"@id\":\"https:\/\/hamburgsundbedandbreakfast.se\/en\/boka-rum\/\",\"url\":\"https:\/\/hamburgsundbedandbreakfast.se\/en\/boka-rum\/\",\"name\":\"Room booking - Hamburgsund Bed and Breakfast\",\"isPartOf\":{\"@id\":\"https:\/\/hamburgsundbedandbreakfast.se\/#website\"},\"datePublished\":\"2019-05-19T19:25:27+00:00\",\"dateModified\":\"2026-01-15T14:25:26+00:00\",\"description\":\"Boka hotell boende mitt i Hamburgsund p\u00e5 v\u00e5ran hemsida hamburgsundbedandbreakfast.se V\u00e4lkommen till Hamburgsunds bed and breakfast.\",\"breadcrumb\":{\"@id\":\"https:\/\/hamburgsundbedandbreakfast.se\/en\/boka-rum\/#breadcrumb\"},\"inLanguage\":\"en-US\",\"potentialAction\":[{\"@type\":\"ReadAction\",\"target\":[\"https:\/\/hamburgsundbedandbreakfast.se\/en\/boka-rum\/\"]}]},{\"@type\":\"BreadcrumbList\",\"@id\":\"https:\/\/hamburgsundbedandbreakfast.se\/en\/boka-rum\/#breadcrumb\",\"itemListElement\":[{\"@type\":\"ListItem\",\"position\":1,\"name\":\"Hem\",\"item\":\"https:\/\/hamburgsundbedandbreakfast.se\/en\/\"},{\"@type\":\"ListItem\",\"position\":2,\"name\":\"Room booking\"}]},{\"@type\":\"WebSite\",\"@id\":\"https:\/\/hamburgsundbedandbreakfast.se\/#website\",\"url\":\"https:\/\/hamburgsundbedandbreakfast.se\/\",\"name\":\"Hamburgsund Bed and Breakfast\",\"description\":\"\",\"potentialAction\":[{\"@type\":\"SearchAction\",\"target\":{\"@type\":\"EntryPoint\",\"urlTemplate\":\"https:\/\/hamburgsundbedandbreakfast.se\/?s={search_term_string}\"},\"query-input\":\"required name=search_term_string\"}],\"inLanguage\":\"en-US\"}]}<\/script>\n<!-- \/ Yoast SEO plugin. -->","yoast_head_json":{"title":"Room booking - Hamburgsund Bed and Breakfast","description":"Boka hotell boende mitt i Hamburgsund p\u00e5 v\u00e5ran hemsida hamburgsundbedandbreakfast.se V\u00e4lkommen till Hamburgsunds bed and breakfast.","robots":{"index":"index","follow":"follow","max-snippet":"max-snippet:-1","max-image-preview":"max-image-preview:large","max-video-preview":"max-video-preview:-1"},"canonical":"https:\/\/hamburgsundbedandbreakfast.se\/en\/boka-rum\/","og_locale":"en_US","og_type":"article","og_title":"Room booking - Hamburgsund Bed and Breakfast","og_description":"Boka hotell boende mitt i Hamburgsund p\u00e5 v\u00e5ran hemsida hamburgsundbedandbreakfast.se V\u00e4lkommen till Hamburgsunds bed and breakfast.","og_url":"https:\/\/hamburgsundbedandbreakfast.se\/en\/boka-rum\/","og_site_name":"Hamburgsund Bed and Breakfast","article_modified_time":"2026-01-15T14:25:26+00:00","twitter_card":"summary_large_image","twitter_misc":{"Est. reading time":"2 minutes"},"schema":{"@context":"https:\/\/schema.org","@graph":[{"@type":"WebPage","@id":"https:\/\/hamburgsundbedandbreakfast.se\/en\/boka-rum\/","url":"https:\/\/hamburgsundbedandbreakfast.se\/en\/boka-rum\/","name":"Room booking - Hamburgsund Bed and Breakfast","isPartOf":{"@id":"https:\/\/hamburgsundbedandbreakfast.se\/#website"},"datePublished":"2019-05-19T19:25:27+00:00","dateModified":"2026-01-15T14:25:26+00:00","description":"Boka hotell boende mitt i Hamburgsund p\u00e5 v\u00e5ran hemsida hamburgsundbedandbreakfast.se V\u00e4lkommen till Hamburgsunds bed and breakfast.","breadcrumb":{"@id":"https:\/\/hamburgsundbedandbreakfast.se\/en\/boka-rum\/#breadcrumb"},"inLanguage":"en-US","potentialAction":[{"@type":"ReadAction","target":["https:\/\/hamburgsundbedandbreakfast.se\/en\/boka-rum\/"]}]},{"@type":"BreadcrumbList","@id":"https:\/\/hamburgsundbedandbreakfast.se\/en\/boka-rum\/#breadcrumb","itemListElement":[{"@type":"ListItem","position":1,"name":"Hem","item":"https:\/\/hamburgsundbedandbreakfast.se\/en\/"},{"@type":"ListItem","position":2,"name":"Room booking"}]},{"@type":"WebSite","@id":"https:\/\/hamburgsundbedandbreakfast.se\/#website","url":"https:\/\/hamburgsundbedandbreakfast.se\/","name":"Hamburgsund Bed and Breakfast","description":"","potentialAction":[{"@type":"SearchAction","target":{"@type":"EntryPoint","urlTemplate":"https:\/\/hamburgsundbedandbreakfast.se\/?s={search_term_string}"},"query-input":"required name=search_term_string"}],"inLanguage":"en-US"}]}},"_links":{"self":[{"href":"https:\/\/hamburgsundbedandbreakfast.se\/en\/wp-json\/wp\/v2\/pages\/202"}],"collection":[{"href":"https:\/\/hamburgsundbedandbreakfast.se\/en\/wp-json\/wp\/v2\/pages"}],"about":[{"href":"https:\/\/hamburgsundbedandbreakfast.se\/en\/wp-json\/wp\/v2\/types\/page"}],"author":[{"embeddable":true,"href":"https:\/\/hamburgsundbedandbreakfast.se\/en\/wp-json\/wp\/v2\/users\/1"}],"replies":[{"embeddable":true,"href":"https:\/\/hamburgsundbedandbreakfast.se\/en\/wp-json\/wp\/v2\/comments?post=202"}],"version-history":[{"count":6,"href":"https:\/\/hamburgsundbedandbreakfast.se\/en\/wp-json\/wp\/v2\/pages\/202\/revisions"}],"predecessor-version":[{"id":445,"href":"https:\/\/hamburgsundbedandbreakfast.se\/en\/wp-json\/wp\/v2\/pages\/202\/revisions\/445"}],"wp:attachment":[{"href":"https:\/\/hamburgsundbedandbreakfast.se\/en\/wp-json\/wp\/v2\/media?parent=202"}],"curies":[{"name":"wp","href":"https:\/\/api.w.org\/{rel}","templated":true}]}}