{"id":192,"date":"2019-05-19T21:24:54","date_gmt":"2019-05-19T19:24:54","guid":{"rendered":"https:\/\/hamburgsundbedandbreakfast.se\/hamburgsunds-bed-and-breakfast\/"},"modified":"2026-01-15T15:22:28","modified_gmt":"2026-01-15T14:22:28","slug":"hamburgsunds-bed-and-breakfast","status":"publish","type":"page","link":"https:\/\/hamburgsundbedandbreakfast.se\/en\/","title":{"rendered":"Hamburgsunds bed and breakfast"},"content":{"rendered":"<div id='full_slider_1'  class='avia-fullwidth-slider main_color avia-shadow av-small-hide av-mini-hide  avia-builder-el-0  el_before_av_slideshow_full  avia-builder-el-first   container_wrap sidebar_right'  >\n<style type=\"text\/css\" data-created_by=\"avia_inline_auto\" id=\"style-css-av-jvvbwtt8-bdfc037c675c0e1b2f0cb74d064d217a\">\n#top #wrap_all .avia-slideshow .av-slideshow-caption.av-jvvbwtt8-bdfc037c675c0e1b2f0cb74d064d217a__0 .avia-caption-title{\nfont-size:28px;\n}\n<\/style>\n<div  class='avia-slideshow av-jvvbwtt8-bdfc037c675c0e1b2f0cb74d064d217a avia-slideshow-featured_large av_slideshow_full avia-fade-slider av-small-hide av-mini-hide av-slideshow-ui av-control-minimal av-slideshow-autoplay av-loop-endless av-loop-manual-endless av-default-height-applied   avia-slideshow-1' data-slideshow-options=\"{&quot;animation&quot;:&quot;fade&quot;,&quot;autoplay&quot;:true,&quot;loop_autoplay&quot;:&quot;endless&quot;,&quot;interval&quot;:5,&quot;loop_manual&quot;:&quot;manual-endless&quot;,&quot;autoplay_stopper&quot;:false,&quot;noNavigation&quot;:false,&quot;bg_slider&quot;:false,&quot;keep_padding&quot;:false,&quot;hoverpause&quot;:false,&quot;show_slide_delay&quot;:0}\"  itemprop=\"image\" itemscope=\"itemscope\" itemtype=\"https:\/\/schema.org\/ImageObject\" ><ul class='avia-slideshow-inner ' style='padding-bottom: 32.8%;'><li  class='avia-slideshow-slide av-jvvbwtt8-bdfc037c675c0e1b2f0cb74d064d217a__0  slide-1 slide-odd'><div data-rel='slideshow-1' class='avia-slide-wrap '   ><img class=\"wp-image-263 avia-img-lazy-loading-not-263\"  src='https:\/\/hamburgsundbedandbreakfast.se\/wp-content\/uploads\/2019\/08\/HamburgsundsBedAndBreakfast12-1920x630.jpg' width='1500' height='492' title='HamburgsundsBedAndBreakfast12' alt=''  itemprop=\"thumbnailUrl\"   \/><\/div><\/li><li  class='avia-slideshow-slide av-jvvbwtt8-bdfc037c675c0e1b2f0cb74d064d217a__1  slide-2 slide-even'><div data-rel='slideshow-1' class='avia-slide-wrap '   ><img class=\"wp-image-265 avia-img-lazy-loading-not-265\"  src='https:\/\/hamburgsundbedandbreakfast.se\/wp-content\/uploads\/2019\/08\/HamburgsundsBedAndBreakfast02-1920x630.jpg' width='1500' height='492' title='HamburgsundsBedAndBreakfast02' alt=''  itemprop=\"thumbnailUrl\"   \/><\/div><\/li><li  class='avia-slideshow-slide av-jvvbwtt8-bdfc037c675c0e1b2f0cb74d064d217a__2  slide-3 slide-odd'><div data-rel='slideshow-1' class='avia-slide-wrap '   ><img class=\"wp-image-266 avia-img-lazy-loading-not-266\"  src='https:\/\/hamburgsundbedandbreakfast.se\/wp-content\/uploads\/2019\/08\/HamburgsundsBedAndBreakfast07-1920x630.jpg' width='1500' height='492' title='HamburgsundsBedAndBreakfast07' alt=''  itemprop=\"thumbnailUrl\"   \/><\/div><\/li><\/ul><div class='avia-slideshow-arrows avia-slideshow-controls' ><a href='#prev' class='prev-slide ' aria-hidden='true' data-av_icon='\ue87c' data-av_iconfont='entypo-fontello'  tabindex='-1'>Previous<\/a><a href='#next' class='next-slide ' aria-hidden='true' data-av_icon='\ue87d' data-av_iconfont='entypo-fontello'  tabindex='-1'>Next<\/a><\/div><div class='avia-slideshow-dots avia-slideshow-controls'><a href='#1' class='goto-slide active' >1<\/a><a href='#2' class='goto-slide ' >2<\/a><a href='#3' class='goto-slide ' >3<\/a><\/div><div class='av-slideshow-caption av-jvvbwtt8-bdfc037c675c0e1b2f0cb74d064d217a__0 caption_fullwidth caption_center caption_center_framed caption_framed'><div class=\"container caption_container\"><div class=\"slideshow_caption\"><div class=\"slideshow_inner_caption\"><div class=\"slideshow_align_caption\"><h2 class='avia-caption-title '  itemprop=\"name\" >HAMBURGSUND BED AND BREAKFAST<\/h2><div class='avia-caption-content '  itemprop=\"description\" ><p>Room to rent in Hamburgsund genom Hamburgsund Bed And Breakfast<\/p>\n<\/div><a href='https:\/\/hamburgsundbedandbreakfast.se\/en\/att-gora-ata-i-hamburgsund-norra-bohuslan\/'  class='avia-slideshow-button avia-button avia-color-light avia-multi-slideshow-button' data-duration='800' data-easing='easeInOutQuad'>READ MORE ABOUT OUR ROOM<\/a><a href='https:\/\/picassoonline.techotel.dk\/en\/hamburgsund\/hamburgund-bed-and-breakfast\/booking\/rooms\/' target=\"_blank\" rel=\"noopener noreferrer\" class='avia-slideshow-button avia-button avia-color-red avia-multi-slideshow-button avia-slideshow-button-2' data-duration='800' data-easing='easeInOutQuad'>BOOKING ROOM ONLINE - CLICK HERE<\/a><\/div><\/div><\/div><\/div><\/div><\/div><\/div>\n<div id='full_slider_2'  class='avia-fullwidth-slider main_color avia-shadow av-desktop-hide av-medium-hide  avia-builder-el-1  el_after_av_slideshow_full  el_before_av_one_full   slider-not-first container_wrap sidebar_right'  >\n<style type=\"text\/css\" data-created_by=\"avia_inline_auto\" id=\"style-css-av-jvvbwtt8-3-9cf0fb990b26830eb63000bc2fb4c0e6\">\n#top #wrap_all .avia-slideshow .av-slideshow-caption.av-jvvbwtt8-3-9cf0fb990b26830eb63000bc2fb4c0e6__0 .avia-caption-title{\nfont-size:28px;\n}\n<\/style>\n<div  class='avia-slideshow av-jvvbwtt8-3-9cf0fb990b26830eb63000bc2fb4c0e6 avia-slideshow-extra_large av_slideshow_full avia-fade-slider av-desktop-hide av-medium-hide av-slideshow-ui av-control-minimal av-slideshow-autoplay av-loop-endless av-loop-manual-endless av-default-height-applied   avia-slideshow-2' data-slideshow-options=\"{&quot;animation&quot;:&quot;fade&quot;,&quot;autoplay&quot;:true,&quot;loop_autoplay&quot;:&quot;endless&quot;,&quot;interval&quot;:5,&quot;loop_manual&quot;:&quot;manual-endless&quot;,&quot;autoplay_stopper&quot;:false,&quot;noNavigation&quot;:false,&quot;bg_slider&quot;:false,&quot;keep_padding&quot;:false,&quot;hoverpause&quot;:false,&quot;show_slide_delay&quot;:0}\"  itemprop=\"image\" itemscope=\"itemscope\" itemtype=\"https:\/\/schema.org\/ImageObject\" ><ul class='avia-slideshow-inner ' style='padding-bottom: 133.33333333333%;'><li  class='avia-slideshow-slide av-jvvbwtt8-3-9cf0fb990b26830eb63000bc2fb4c0e6__0  slide-1 slide-odd'><div data-rel='slideshow-2' class='avia-slide-wrap '   ><img class=\"wp-image-263 avia-img-lazy-loading-not-263\"  src='https:\/\/hamburgsundbedandbreakfast.se\/wp-content\/uploads\/2019\/08\/HamburgsundsBedAndBreakfast12-810x1080.jpg' width='810' height='1080' title='HamburgsundsBedAndBreakfast12' alt=''  itemprop=\"thumbnailUrl\"   \/><\/div><\/li><li  class='avia-slideshow-slide av-jvvbwtt8-3-9cf0fb990b26830eb63000bc2fb4c0e6__1  slide-2 slide-even'><div data-rel='slideshow-2' class='avia-slide-wrap '   ><img class=\"wp-image-265 avia-img-lazy-loading-not-265\"  src='https:\/\/hamburgsundbedandbreakfast.se\/wp-content\/uploads\/2019\/08\/HamburgsundsBedAndBreakfast02-810x1080.jpg' width='810' height='1080' title='HamburgsundsBedAndBreakfast02' alt=''  itemprop=\"thumbnailUrl\"   \/><\/div><\/li><li  class='avia-slideshow-slide av-jvvbwtt8-3-9cf0fb990b26830eb63000bc2fb4c0e6__2  slide-3 slide-odd'><div data-rel='slideshow-2' class='avia-slide-wrap '   ><img class=\"wp-image-266 avia-img-lazy-loading-not-266\"  src='https:\/\/hamburgsundbedandbreakfast.se\/wp-content\/uploads\/2019\/08\/HamburgsundsBedAndBreakfast07-810x1080.jpg' width='810' height='1080' title='HamburgsundsBedAndBreakfast07' alt=''  itemprop=\"thumbnailUrl\"   \/><\/div><\/li><\/ul><div class='avia-slideshow-arrows avia-slideshow-controls' ><a href='#prev' class='prev-slide ' aria-hidden='true' data-av_icon='\ue87c' data-av_iconfont='entypo-fontello'  tabindex='-1'>Previous<\/a><a href='#next' class='next-slide ' aria-hidden='true' data-av_icon='\ue87d' data-av_iconfont='entypo-fontello'  tabindex='-1'>Next<\/a><\/div><div class='avia-slideshow-dots avia-slideshow-controls'><a href='#1' class='goto-slide active' >1<\/a><a href='#2' class='goto-slide ' >2<\/a><a href='#3' class='goto-slide ' >3<\/a><\/div><div class='av-slideshow-caption av-jvvbwtt8-3-9cf0fb990b26830eb63000bc2fb4c0e6__0 caption_fullwidth caption_center caption_center_framed caption_framed'><div class=\"container caption_container\"><div class=\"slideshow_caption\"><div class=\"slideshow_inner_caption\"><div class=\"slideshow_align_caption\"><h2 class='avia-caption-title '  itemprop=\"name\" >HAMBURGSUND BED AND BREAKFAST<\/h2><div class='avia-caption-content '  itemprop=\"description\" ><p>Room to rent in Hamburgsund genom Hamburgsund Bed And Breakfast<\/p>\n<\/div><a href='https:\/\/hamburgsundbedandbreakfast.se\/en\/att-gora-ata-i-hamburgsund-norra-bohuslan\/'  class='avia-slideshow-button avia-button avia-color-light avia-multi-slideshow-button' data-duration='800' data-easing='easeInOutQuad'>READ MORE ABOUT OUR ROOM<\/a><a href='https:\/\/picassoonline.techotel.dk\/en\/hamburgsund\/hamburgund-bed-and-breakfast\/booking\/rooms\/' target=\"_blank\" rel=\"noopener noreferrer\" class='avia-slideshow-button avia-button avia-color-red avia-multi-slideshow-button avia-slideshow-button-2' data-duration='800' data-easing='easeInOutQuad'>BOOKING ROOM ONLINE - CLICK HERE<\/a><\/div><\/div><\/div><\/div><\/div><\/div><\/div><div id='after_full_slider_2'  class='main_color av_default_container_wrap container_wrap sidebar_right'  ><div class='container av-section-cont-open' ><div class='template-page content  av-content-small alpha units'><div class='post-entry post-entry-type-page post-entry-192'><div class='entry-content-wrapper clearfix'>\n\n<style type=\"text\/css\" data-created_by=\"avia_inline_auto\" id=\"style-css-av-q1th-366d406146bc17eeb3e6d91b39289566\">\n.flex_column.av-q1th-366d406146bc17eeb3e6d91b39289566{\n-webkit-border-radius:0px 0px 0px 0px;\n-moz-border-radius:0px 0px 0px 0px;\nborder-radius:0px 0px 0px 0px;\npadding:0px 0px 0px 0px;\n}\n<\/style>\n<div class='flex_column av-q1th-366d406146bc17eeb3e6d91b39289566 av_one_full  avia-builder-el-2  el_after_av_slideshow_full  el_before_av_layout_row  avia-builder-el-no-sibling  first flex_column_div av-zero-column-padding '     ><section  class='av_textblock_section av-jvvby4vy-55b6ef8ce8d09f1bf6d5a55f743a6f73'  itemscope=\"itemscope\" itemtype=\"https:\/\/schema.org\/CreativeWork\" ><div class='avia_textblock'  itemprop=\"text\" ><p style=\"text-align: center;\">If you are looking for accommodation in Hamburgsund on the west coast in Sweden, our BedandBreakfast with hotellstandard is the perfect choice.<\/p>\n<p style=\"text-align: center;\">Hamburgsund is a vibrant community with roots in fishing, shipping and stone masonry. Our newly built accommodation is located in the center of Hamburgsund, next door to the small ferry that takes you over to the beautiful island Hamburg\u00f6. The rooms, in a slightly different size, are on the second floor and all rooms have their own small balcony, toilet and shower, free wi-fi and tv. There is an elevator in the building. Some of the rooms are handicap adapted.<\/p>\n<p style=\"text-align: center;\">In Hamburgsund there are shops and restaurants, nice walks by the sea and lovely salt baths. Hamburgsund is next door to Fj\u00e4llbacka,\u00a0 Ingrid Bergmans beloved summerplace. In the surrounding area there are many rock carvings and it is only about two miles to the world heritage Vitlycke. At the same distance from Hamburgsund \u00a0\u201cNordens Ark\u201dis located, a park whose purpose is to preserve endangered animals and biodiversity.<\/p>\n<p style=\"text-align: center;\">Paddle and discover Hamburgsunds fantastic archipelago from the canoe or the kayak, or why not go by bike.<\/p>\n<\/div><\/section><\/div>\n<\/div><\/div><\/div><!-- close content main div --><\/div><\/div><div id='av-layout-grid-1'  class='av-layout-grid-container av-5i5p-c975dd0793a6dda7cae45392c1981010 entry-content-wrapper main_color av-flex-cells  avia-builder-el-4  el_after_av_one_full  el_before_av_masonry_gallery  grid-row-not-first  container_wrap sidebar_right'  >\n<div class='flex_cell av-13zd1-2167679a7b38c2635a46babf2f58b9ca av-gridrow-cell av_one_full no_margin  avia-builder-el-5  avia-builder-el-no-sibling ' ><div class='flex_cell_inner'>\n<\/div><\/div>\n<\/div>\n<div id='av-masonry-1' class='av-masonry av-jziqgu61-f33a585db1264c1acfa2182bdc0937e5 noHover av-fixed-size av-large-gap av-hover-overlay- av-masonry-animation-active av-masonry-col-flexible av-caption-always av-caption-style- av-masonry-gallery av-orientation-portrait '><div class=\"av-masonry-container isotope av-js-disabled\"><div class='av-masonry-entry isotope-item av-masonry-item-no-image '><\/div><a href=\"https:\/\/hamburgsundbedandbreakfast.se\/wp-content\/uploads\/2019\/08\/HamburgsundsBedAndBreakfast16-773x1030.jpg\"  aria-label=\"image HamburgsundsBedAndBreakfast16\"  id='av-masonry-1-item-274' data-av-masonry-item='274' class='av-masonry-entry isotope-item post-274 attachment type-attachment status-inherit hentry  av-masonry-item-with-image' title=\"HamburgsundsBedAndBreakfast16\" alt=\"\"    itemprop=\"thumbnailUrl\" ><div class='av-inner-masonry-sizer'><\/div><figure class='av-inner-masonry main_color'><div class=\"av-masonry-outerimage-container\"><div class='av-masonry-image-container' style=\"background-image: url(https:\/\/hamburgsundbedandbreakfast.se\/wp-content\/uploads\/2019\/08\/HamburgsundsBedAndBreakfast16-529x705.jpg);\"  title=\"HamburgsundsBedAndBreakfast16\"  ><\/div><\/div><\/figure><\/a><!--end av-masonry entry--><a href=\"https:\/\/hamburgsundbedandbreakfast.se\/wp-content\/uploads\/2019\/08\/HamburgsundsBedAndBreakfast07-773x1030.jpg\"  aria-label=\"image HamburgsundsBedAndBreakfast07\"  id='av-masonry-1-item-266' data-av-masonry-item='266' class='av-masonry-entry isotope-item post-266 attachment type-attachment status-inherit hentry  av-masonry-item-with-image' title=\"HamburgsundsBedAndBreakfast07\" alt=\"\"    itemprop=\"thumbnailUrl\" ><div class='av-inner-masonry-sizer'><\/div><figure class='av-inner-masonry main_color'><div class=\"av-masonry-outerimage-container\"><div class='av-masonry-image-container' style=\"background-image: url(https:\/\/hamburgsundbedandbreakfast.se\/wp-content\/uploads\/2019\/08\/HamburgsundsBedAndBreakfast07-529x705.jpg);\"  title=\"HamburgsundsBedAndBreakfast07\"  ><\/div><\/div><\/figure><\/a><!--end av-masonry entry--><a href=\"https:\/\/hamburgsundbedandbreakfast.se\/wp-content\/uploads\/2019\/08\/HamburgsundsBedAndBreakfast12-1-773x1030.jpg\"  aria-label=\"image HamburgsundsBedAndBreakfast12\"  id='av-masonry-1-item-267' data-av-masonry-item='267' class='av-masonry-entry isotope-item post-267 attachment type-attachment status-inherit hentry  av-masonry-item-with-image' title=\"HamburgsundsBedAndBreakfast12\" alt=\"\"    itemprop=\"thumbnailUrl\" ><div class='av-inner-masonry-sizer'><\/div><figure class='av-inner-masonry main_color'><div class=\"av-masonry-outerimage-container\"><div class='av-masonry-image-container' style=\"background-image: url(https:\/\/hamburgsundbedandbreakfast.se\/wp-content\/uploads\/2019\/08\/HamburgsundsBedAndBreakfast12-1-529x705.jpg);\"  title=\"HamburgsundsBedAndBreakfast12\"  ><\/div><\/div><\/figure><\/a><!--end av-masonry entry--><a href=\"https:\/\/hamburgsundbedandbreakfast.se\/wp-content\/uploads\/2019\/08\/HamburgsundsBedAndBreakfast05-773x1030.jpg\"  aria-label=\"image HamburgsundsBedAndBreakfast05\"  id='av-masonry-1-item-273' data-av-masonry-item='273' class='av-masonry-entry isotope-item post-273 attachment type-attachment status-inherit hentry  av-masonry-item-with-image' title=\"HamburgsundsBedAndBreakfast05\" alt=\"\"    itemprop=\"thumbnailUrl\" ><div class='av-inner-masonry-sizer'><\/div><figure class='av-inner-masonry main_color'><div class=\"av-masonry-outerimage-container\"><div class='av-masonry-image-container' style=\"background-image: url(https:\/\/hamburgsundbedandbreakfast.se\/wp-content\/uploads\/2019\/08\/HamburgsundsBedAndBreakfast05-529x705.jpg);\"  title=\"HamburgsundsBedAndBreakfast05\"  ><\/div><\/div><\/figure><\/a><!--end av-masonry entry--><a href=\"https:\/\/hamburgsundbedandbreakfast.se\/wp-content\/uploads\/2019\/08\/HamburgsundsBedAndBreakfast04-773x1030.jpg\"  aria-label=\"image HamburgsundsBedAndBreakfast04\"  id='av-masonry-1-item-272' data-av-masonry-item='272' class='av-masonry-entry isotope-item post-272 attachment type-attachment status-inherit hentry  av-masonry-item-with-image' title=\"HamburgsundsBedAndBreakfast04\" alt=\"\"    itemprop=\"thumbnailUrl\" ><div class='av-inner-masonry-sizer'><\/div><figure class='av-inner-masonry main_color'><div class=\"av-masonry-outerimage-container\"><div class='av-masonry-image-container' style=\"background-image: url(https:\/\/hamburgsundbedandbreakfast.se\/wp-content\/uploads\/2019\/08\/HamburgsundsBedAndBreakfast04-529x705.jpg);\"  title=\"HamburgsundsBedAndBreakfast04\"  ><\/div><\/div><\/figure><\/a><!--end av-masonry entry--><a href=\"https:\/\/hamburgsundbedandbreakfast.se\/wp-content\/uploads\/2019\/08\/HamburgsundsBedAndBreakfast21-773x1030.jpg\"  aria-label=\"image HamburgsundsBedAndBreakfast21\"  id='av-masonry-1-item-268' data-av-masonry-item='268' class='av-masonry-entry isotope-item post-268 attachment type-attachment status-inherit hentry  av-masonry-item-with-image' title=\"HamburgsundsBedAndBreakfast21\" alt=\"\"    itemprop=\"thumbnailUrl\" ><div class='av-inner-masonry-sizer'><\/div><figure class='av-inner-masonry main_color'><div class=\"av-masonry-outerimage-container\"><div class='av-masonry-image-container' style=\"background-image: url(https:\/\/hamburgsundbedandbreakfast.se\/wp-content\/uploads\/2019\/08\/HamburgsundsBedAndBreakfast21-529x705.jpg);\"  title=\"HamburgsundsBedAndBreakfast21\"  ><\/div><\/div><\/figure><\/a><!--end av-masonry entry--><a href=\"https:\/\/hamburgsundbedandbreakfast.se\/wp-content\/uploads\/2019\/08\/HamburgsundsBedAndBreakfast20-773x1030.jpg\"  aria-label=\"image HamburgsundsBedAndBreakfast20\"  id='av-masonry-1-item-270' data-av-masonry-item='270' class='av-masonry-entry isotope-item post-270 attachment type-attachment status-inherit hentry  av-masonry-item-with-image' title=\"HamburgsundsBedAndBreakfast20\" alt=\"\"    itemprop=\"thumbnailUrl\" ><div class='av-inner-masonry-sizer'><\/div><figure class='av-inner-masonry main_color'><div class=\"av-masonry-outerimage-container\"><div class='av-masonry-image-container' style=\"background-image: url(https:\/\/hamburgsundbedandbreakfast.se\/wp-content\/uploads\/2019\/08\/HamburgsundsBedAndBreakfast20-529x705.jpg);\"  title=\"HamburgsundsBedAndBreakfast20\"  ><\/div><\/div><\/figure><\/a><!--end av-masonry entry--><a href=\"https:\/\/hamburgsundbedandbreakfast.se\/wp-content\/uploads\/2019\/08\/HamburgsundsBedAndBreakfast23-773x1030.jpg\"  aria-label=\"image HamburgsundsBedAndBreakfast23\"  id='av-masonry-1-item-271' data-av-masonry-item='271' class='av-masonry-entry isotope-item post-271 attachment type-attachment status-inherit hentry  av-masonry-item-with-image' title=\"HamburgsundsBedAndBreakfast23\" alt=\"\"    itemprop=\"thumbnailUrl\" ><div class='av-inner-masonry-sizer'><\/div><figure class='av-inner-masonry main_color'><div class=\"av-masonry-outerimage-container\"><div class='av-masonry-image-container' style=\"background-image: url(https:\/\/hamburgsundbedandbreakfast.se\/wp-content\/uploads\/2019\/08\/HamburgsundsBedAndBreakfast23-529x705.jpg);\"  title=\"HamburgsundsBedAndBreakfast23\"  ><\/div><\/div><\/figure><\/a><!--end av-masonry entry--><\/div><\/div>\n","protected":false},"excerpt":{"rendered":"","protected":false},"author":1,"featured_media":0,"parent":0,"menu_order":0,"comment_status":"closed","ping_status":"closed","template":"","meta":{"footnotes":""},"yoast_head":"<!-- This site is optimized with the Yoast SEO plugin v21.1 - https:\/\/yoast.com\/wordpress\/plugins\/seo\/ -->\n<title>Hotellboende i Hamburgsund - Hamburgsunds bed and breakfast<\/title>\n<meta name=\"description\" content=\"Boka hotellboende mitt i Hamburgsund p\u00e5 v\u00e5ran hemsida hamburgsundbedandbreakfast.se V\u00e4lkommen till Hamburgsunds bed and breakfast.\" \/>\n<meta name=\"robots\" content=\"index, follow, max-snippet:-1, max-image-preview:large, max-video-preview:-1\" \/>\n<link rel=\"canonical\" href=\"https:\/\/hamburgsundbedandbreakfast.se\/en\/\" \/>\n<meta property=\"og:locale\" content=\"en_US\" \/>\n<meta property=\"og:type\" content=\"article\" \/>\n<meta property=\"og:title\" content=\"Hotellboende i Hamburgsund - Hamburgsunds bed and breakfast\" \/>\n<meta property=\"og:description\" content=\"Boka hotellboende mitt i Hamburgsund p\u00e5 v\u00e5ran hemsida hamburgsundbedandbreakfast.se V\u00e4lkommen till Hamburgsunds bed and breakfast.\" \/>\n<meta property=\"og:url\" content=\"https:\/\/hamburgsundbedandbreakfast.se\/en\/\" \/>\n<meta property=\"og:site_name\" content=\"Hamburgsund Bed and Breakfast\" \/>\n<meta property=\"article:modified_time\" content=\"2026-01-15T14:22:28+00:00\" \/>\n<meta name=\"twitter:card\" content=\"summary_large_image\" \/>\n<meta name=\"twitter:label1\" content=\"Est. reading time\" \/>\n\t<meta name=\"twitter:data1\" content=\"4 minutes\" \/>\n<script type=\"application\/ld+json\" class=\"yoast-schema-graph\">{\"@context\":\"https:\/\/schema.org\",\"@graph\":[{\"@type\":\"WebPage\",\"@id\":\"https:\/\/hamburgsundbedandbreakfast.se\/en\/\",\"url\":\"https:\/\/hamburgsundbedandbreakfast.se\/en\/\",\"name\":\"Hotellboende i Hamburgsund - Hamburgsunds bed and breakfast\",\"isPartOf\":{\"@id\":\"https:\/\/hamburgsundbedandbreakfast.se\/#website\"},\"datePublished\":\"2019-05-19T19:24:54+00:00\",\"dateModified\":\"2026-01-15T14:22:28+00:00\",\"description\":\"Boka hotellboende mitt i Hamburgsund p\u00e5 v\u00e5ran hemsida hamburgsundbedandbreakfast.se V\u00e4lkommen till Hamburgsunds bed and breakfast.\",\"breadcrumb\":{\"@id\":\"https:\/\/hamburgsundbedandbreakfast.se\/en\/#breadcrumb\"},\"inLanguage\":\"en-US\",\"potentialAction\":[{\"@type\":\"ReadAction\",\"target\":[\"https:\/\/hamburgsundbedandbreakfast.se\/en\/\"]}]},{\"@type\":\"BreadcrumbList\",\"@id\":\"https:\/\/hamburgsundbedandbreakfast.se\/en\/#breadcrumb\",\"itemListElement\":[{\"@type\":\"ListItem\",\"position\":1,\"name\":\"Hem\",\"item\":\"https:\/\/hamburgsundbedandbreakfast.se\/en\/\"},{\"@type\":\"ListItem\",\"position\":2,\"name\":\"Hamburgsunds bed and breakfast\"}]},{\"@type\":\"WebSite\",\"@id\":\"https:\/\/hamburgsundbedandbreakfast.se\/#website\",\"url\":\"https:\/\/hamburgsundbedandbreakfast.se\/\",\"name\":\"Hamburgsund Bed and Breakfast\",\"description\":\"\",\"potentialAction\":[{\"@type\":\"SearchAction\",\"target\":{\"@type\":\"EntryPoint\",\"urlTemplate\":\"https:\/\/hamburgsundbedandbreakfast.se\/?s={search_term_string}\"},\"query-input\":\"required name=search_term_string\"}],\"inLanguage\":\"en-US\"}]}<\/script>\n<!-- \/ Yoast SEO plugin. -->","yoast_head_json":{"title":"Hotellboende i Hamburgsund - Hamburgsunds bed and breakfast","description":"Boka hotellboende mitt i Hamburgsund p\u00e5 v\u00e5ran hemsida hamburgsundbedandbreakfast.se V\u00e4lkommen till Hamburgsunds bed and breakfast.","robots":{"index":"index","follow":"follow","max-snippet":"max-snippet:-1","max-image-preview":"max-image-preview:large","max-video-preview":"max-video-preview:-1"},"canonical":"https:\/\/hamburgsundbedandbreakfast.se\/en\/","og_locale":"en_US","og_type":"article","og_title":"Hotellboende i Hamburgsund - Hamburgsunds bed and breakfast","og_description":"Boka hotellboende mitt i Hamburgsund p\u00e5 v\u00e5ran hemsida hamburgsundbedandbreakfast.se V\u00e4lkommen till Hamburgsunds bed and breakfast.","og_url":"https:\/\/hamburgsundbedandbreakfast.se\/en\/","og_site_name":"Hamburgsund Bed and Breakfast","article_modified_time":"2026-01-15T14:22:28+00:00","twitter_card":"summary_large_image","twitter_misc":{"Est. reading time":"4 minutes"},"schema":{"@context":"https:\/\/schema.org","@graph":[{"@type":"WebPage","@id":"https:\/\/hamburgsundbedandbreakfast.se\/en\/","url":"https:\/\/hamburgsundbedandbreakfast.se\/en\/","name":"Hotellboende i Hamburgsund - Hamburgsunds bed and breakfast","isPartOf":{"@id":"https:\/\/hamburgsundbedandbreakfast.se\/#website"},"datePublished":"2019-05-19T19:24:54+00:00","dateModified":"2026-01-15T14:22:28+00:00","description":"Boka hotellboende mitt i Hamburgsund p\u00e5 v\u00e5ran hemsida hamburgsundbedandbreakfast.se V\u00e4lkommen till Hamburgsunds bed and breakfast.","breadcrumb":{"@id":"https:\/\/hamburgsundbedandbreakfast.se\/en\/#breadcrumb"},"inLanguage":"en-US","potentialAction":[{"@type":"ReadAction","target":["https:\/\/hamburgsundbedandbreakfast.se\/en\/"]}]},{"@type":"BreadcrumbList","@id":"https:\/\/hamburgsundbedandbreakfast.se\/en\/#breadcrumb","itemListElement":[{"@type":"ListItem","position":1,"name":"Hem","item":"https:\/\/hamburgsundbedandbreakfast.se\/en\/"},{"@type":"ListItem","position":2,"name":"Hamburgsunds bed and breakfast"}]},{"@type":"WebSite","@id":"https:\/\/hamburgsundbedandbreakfast.se\/#website","url":"https:\/\/hamburgsundbedandbreakfast.se\/","name":"Hamburgsund Bed and Breakfast","description":"","potentialAction":[{"@type":"SearchAction","target":{"@type":"EntryPoint","urlTemplate":"https:\/\/hamburgsundbedandbreakfast.se\/?s={search_term_string}"},"query-input":"required name=search_term_string"}],"inLanguage":"en-US"}]}},"_links":{"self":[{"href":"https:\/\/hamburgsundbedandbreakfast.se\/en\/wp-json\/wp\/v2\/pages\/192"}],"collection":[{"href":"https:\/\/hamburgsundbedandbreakfast.se\/en\/wp-json\/wp\/v2\/pages"}],"about":[{"href":"https:\/\/hamburgsundbedandbreakfast.se\/en\/wp-json\/wp\/v2\/types\/page"}],"author":[{"embeddable":true,"href":"https:\/\/hamburgsundbedandbreakfast.se\/en\/wp-json\/wp\/v2\/users\/1"}],"replies":[{"embeddable":true,"href":"https:\/\/hamburgsundbedandbreakfast.se\/en\/wp-json\/wp\/v2\/comments?post=192"}],"version-history":[{"count":8,"href":"https:\/\/hamburgsundbedandbreakfast.se\/en\/wp-json\/wp\/v2\/pages\/192\/revisions"}],"predecessor-version":[{"id":439,"href":"https:\/\/hamburgsundbedandbreakfast.se\/en\/wp-json\/wp\/v2\/pages\/192\/revisions\/439"}],"wp:attachment":[{"href":"https:\/\/hamburgsundbedandbreakfast.se\/en\/wp-json\/wp\/v2\/media?parent=192"}],"curies":[{"name":"wp","href":"https:\/\/api.w.org\/{rel}","templated":true}]}}